{"id":4882,"date":"2023-05-17T11:19:59","date_gmt":"2023-05-17T14:19:59","guid":{"rendered":"https:\/\/onofftransportes.com.br\/novo\/?page_id=4882"},"modified":"2023-05-18T16:18:44","modified_gmt":"2023-05-18T19:18:44","slug":"frota","status":"publish","type":"page","link":"https:\/\/onofftransportes.com.br\/novo\/frota\/","title":{"rendered":"On Off Aluguel de vans e ve\u00edculos com motorista &#8211; Nossa Frota."},"content":{"rendered":"\n<div class=\"wp-block-uagb-container uagb-block-4e045940 alignfull uagb-is-root-container\"><div class=\"uagb-container-inner-blocks-wrap\">\n<div class=\"wp-block-uagb-info-box uagb-block-58098046 uagb-infobox__content-wrap  uagb-infobox-icon-above-title uagb-infobox-image-valign-top\"><div class=\"uagb-ifb-content\"><div class=\"uagb-ifb-title-wrap\"><span class=\"uagb-ifb-title-prefix\"><em><strong>Uma das mais completas frota de ve\u00edculos para loca\u00e7\u00e3o com motorista em S\u00e3o Paulo.<\/strong><\/em><\/span><h2 class=\"uagb-ifb-title\">Aluguel de Van, Loca\u00e7\u00e3o de van com motorista, Vans Modernas equipadas e devidamente credenciadas.<\/h2><\/div><p class=\"uagb-ifb-desc\">A ON OFF conta com frota moderna e tem o que h\u00e1 de melhor no mercado em mat\u00e9ria de transportes. Estamos sempre prontos atender 24 horas por dia 365 dias por ano.<br>De acordo com nossa estrutura, podemos perfeitamente atender seus clientes e funcion\u00e1rios causando sempre uma boa impress\u00e3o.<br>Desde o atendimento para informa\u00e7\u00f5es e or\u00e7amentos contamos com uma equipe totalmente qualificada para que voc\u00ea esteja com seguran\u00e7a, conforto e pontualidade.<br>Os motoristas igualmente bem treinados s\u00e3o cordiais e e gentis com todos nossos clientes e parceiros.<br>Deixe o transporte da sua empresa a cargo da On Off Transportes<br>Somos&nbsp; especializados em&nbsp;<strong>aluguel de vans<\/strong>,&nbsp;<strong>Loca\u00e7\u00e3o de Vans<\/strong>,<strong>&nbsp;Micro-\u00f4nibus<\/strong>,&nbsp;<strong>\u00f4nibus<\/strong>&nbsp;e&nbsp;<strong>carros executivos<\/strong>&nbsp;com motoristas.<\/p><\/div><\/div>\n<\/div><\/div>\n\n\n\n<div class=\"wp-block-uagb-container uagb-block-ba8d23e6 alignfull uagb-is-root-container\"><div class=\"uagb-container-inner-blocks-wrap\">\n<section class=\"wp-block-uagb-columns uagb-columns__wrap uagb-columns__background-color uagb-columns__stack-mobile uagb-columns__valign-top uagb-columns__gap-10 align uagb-block-1c2ddd4c uagb-columns__columns-3 uagb-columns__max_width-theme\"><div class=\"uagb-columns__overlay\"><\/div><div class=\"uagb-columns__inner-wrap uagb-columns__columns-3\">\n<div class=\"wp-block-uagb-column uagb-column__wrap uagb-column__background-color uagb-block-0190d9c8\"><div class=\"uagb-column__overlay\"><\/div>\n<div class=\"wp-block-uagb-info-box uagb-block-46e86230 uagb-infobox__content-wrap  uagb-infobox_cta-type-all uagb-infobox-icon-above-title uagb-infobox-image-valign-top\"><a href=\"https:\/\/onofftransportes.com.br\/frota\/van-sprinter-415-com-15-lugares\/\" class=\"uagb-infobox-link-wrap uagb-infbox__link-to-all\" target=\"_self\" aria-label=\"Infobox Link\" rel=\"noopener noreferrer\" onclick=\"return true;\"><\/a><div class=\"uagb-ifb-content\"><div class=\"uagb-ifb-image-content\"><img decoding=\"async\" src=\"https:\/\/onofftransportes.com.br\/novo\/wp-content\/uploads\/2021\/07\/van-sprinter2-1.jpg\" alt=\"van-sprinter2\" width=\"1032\" height=\"581\" loading=\"lazy\"\/><\/div><div class=\"uagb-ifb-title-wrap\"><h3 class=\"uagb-ifb-title\">Van Sprinter 415 com 15 lugares.<\/h3><\/div><p class=\"uagb-ifb-desc\">Loca\u00e7\u00e3o de Van Sprinter 415 com 15 lugares com motorista&#8230;.<\/p><div class=\"uagb-ifb-button-wrapper wp-block-button\"><\/div><\/div><\/div>\n<\/div>\n\n\n\n<div class=\"wp-block-uagb-column uagb-column__wrap uagb-column__background-color uagb-block-ca0ccbe5\"><div class=\"uagb-column__overlay\"><\/div>\n<div class=\"wp-block-uagb-info-box uagb-block-7054c88a uagb-infobox__content-wrap  uagb-infobox_cta-type-all uagb-infobox-icon-above-title uagb-infobox-image-valign-top\"><a href=\"https:\/\/onofftransportes.com.br\/frota\/van-renault-master-15-lugares\/\" class=\"uagb-infobox-link-wrap uagb-infbox__link-to-all\" target=\"_self\" aria-label=\"Infobox Link\" rel=\"noopener noreferrer\" onclick=\"return true;\"><\/a><div class=\"uagb-ifb-content\"><div class=\"uagb-ifb-image-content\"><img decoding=\"async\" src=\"https:\/\/onofftransportes.com.br\/novo\/wp-content\/uploads\/2021\/07\/Van-Renault-Master-1.jpg\" alt=\"Van Renault Master\" width=\"600\" height=\"375\" loading=\"lazy\"\/><\/div><div class=\"uagb-ifb-title-wrap\"><h3 class=\"uagb-ifb-title\"><a href=\"https:\/\/onofftransportes.com.br\/frota\/van-renault-master-15-lugares\/\">Van Renault Master 15 lugares.<\/a><\/h3><\/div><p class=\"uagb-ifb-desc\">Loca\u00e7\u00e3o de Van Renault Master 15 lugares com motorista. Renault&#8230;<\/p><div class=\"uagb-ifb-button-wrapper wp-block-button\"><\/div><\/div><\/div>\n<\/div>\n\n\n\n<div class=\"wp-block-uagb-column uagb-column__wrap uagb-column__background-color uagb-block-d79e7b59\"><div class=\"uagb-column__overlay\"><\/div>\n<div class=\"wp-block-uagb-info-box uagb-block-e7646d3e uagb-infobox__content-wrap  uagb-infobox_cta-type-all uagb-infobox-icon-above-title uagb-infobox-image-valign-top\"><a href=\"https:\/\/onofftransportes.com.br\/frota\/hyundai-azera\/\" class=\"uagb-infobox-link-wrap uagb-infbox__link-to-all\" target=\"_self\" aria-label=\"Infobox Link\" rel=\"noopener noreferrer\" onclick=\"return true;\"><\/a><div class=\"uagb-ifb-content\"><div class=\"uagb-ifb-image-content\"><img decoding=\"async\" src=\"https:\/\/onofftransportes.com.br\/novo\/wp-content\/uploads\/2021\/07\/Hyundai-Azera-1.jpg\" alt=\"Hyundai Azera\" width=\"600\" height=\"375\" loading=\"lazy\"\/><\/div><div class=\"uagb-ifb-title-wrap\"><h3 class=\"uagb-ifb-title\"><a href=\"https:\/\/onofftransportes.com.br\/frota\/hyundai-azera\/\">Hyundai Azera.<\/a><\/h3><\/div><p class=\"uagb-ifb-desc\">Loca\u00e7\u00e3o de Hyundai Azera com motorista. O Hyundai Azera \u00e9&#8230;<\/p><div class=\"uagb-ifb-button-wrapper wp-block-button\"><\/div><\/div><\/div>\n<\/div>\n<\/div><\/section>\n\n\n\n<section class=\"wp-block-uagb-columns uagb-columns__wrap uagb-columns__background-color uagb-columns__stack-mobile uagb-columns__valign-top uagb-columns__gap-10 align uagb-block-fd619034 uagb-columns__columns-3 uagb-columns__max_width-theme\"><div class=\"uagb-columns__overlay\"><\/div><div class=\"uagb-columns__inner-wrap uagb-columns__columns-3\">\n<div class=\"wp-block-uagb-column uagb-column__wrap uagb-column__background-color uagb-block-a05cdc8c\"><div class=\"uagb-column__overlay\"><\/div>\n<div class=\"wp-block-uagb-info-box uagb-block-1d51cbf9 uagb-infobox__content-wrap  uagb-infobox_cta-type-all uagb-infobox-icon-above-title uagb-infobox-image-valign-top\"><a href=\"https:\/\/onofftransportes.com.br\/frota\/micro-onibus-28-lugares\/\" class=\"uagb-infobox-link-wrap uagb-infbox__link-to-all\" target=\"_self\" aria-label=\"Infobox Link\" rel=\"noopener noreferrer\" onclick=\"return true;\"><\/a><div class=\"uagb-ifb-content\"><div class=\"uagb-ifb-image-content\"><img decoding=\"async\" src=\"https:\/\/onofftransportes.com.br\/novo\/wp-content\/uploads\/2020\/01\/Micro-03-1-2.jpg\" alt=\"Fretamento empresarial\" width=\"1920\" height=\"1280\" loading=\"lazy\"\/><\/div><div class=\"uagb-ifb-title-wrap\"><h3 class=\"uagb-ifb-title\"><a href=\"https:\/\/onofftransportes.com.br\/frota\/micro-onibus-28-lugares\/\">Micro-\u00d4nibus 28 lugares.<\/a><\/h3><\/div><p class=\"uagb-ifb-desc\">Loca\u00e7\u00e3o de Micro-\u00d4nibus 28 lugares com motorista. Micro \u00f4nibus Executivo&#8230;<\/p><div class=\"uagb-ifb-button-wrapper wp-block-button\"><\/div><\/div><\/div>\n<\/div>\n\n\n\n<div class=\"wp-block-uagb-column uagb-column__wrap uagb-column__background-color uagb-block-c61027a1\"><div class=\"uagb-column__overlay\"><\/div>\n<div class=\"wp-block-uagb-info-box uagb-block-37729a0d uagb-infobox__content-wrap  uagb-infobox_cta-type-all uagb-infobox-icon-above-title uagb-infobox-image-valign-top\"><a href=\"https:\/\/onofftransportes.com.br\/frota\/onibus-44-lugares\/\" class=\"uagb-infobox-link-wrap uagb-infbox__link-to-all\" target=\"_self\" aria-label=\"Infobox Link\" rel=\"noopener noreferrer\" onclick=\"return true;\"><\/a><div class=\"uagb-ifb-content\"><div class=\"uagb-ifb-image-content\"><img decoding=\"async\" src=\"https:\/\/onofftransportes.com.br\/novo\/wp-content\/uploads\/2021\/07\/aluguel-de-onibus-executivo-com-motorista-1.jpg\" alt=\"Aluguel de \u00f4nibus executivo com motorista\" width=\"600\" height=\"375\" loading=\"lazy\"\/><\/div><div class=\"uagb-ifb-title-wrap\"><h3 class=\"uagb-ifb-title\"><a href=\"https:\/\/onofftransportes.com.br\/frota\/onibus-44-lugares\/\">\u00d4nibus 44 lugares.<\/a><\/h3><\/div><p class=\"uagb-ifb-desc\">Loca\u00e7\u00e3o de \u00d4nibus 44 lugares com motorista. \u00d4nibus Executivo e&#8230;<\/p><div class=\"uagb-ifb-button-wrapper wp-block-button\"><\/div><\/div><\/div>\n<\/div>\n\n\n\n<div class=\"wp-block-uagb-column uagb-column__wrap uagb-column__background-color uagb-block-30266d6d\"><div class=\"uagb-column__overlay\"><\/div>\n<div class=\"wp-block-uagb-info-box uagb-block-f27ee9de uagb-infobox__content-wrap  uagb-infobox_cta-type-all uagb-infobox-icon-above-title uagb-infobox-image-valign-top\"><a href=\"https:\/\/onofftransportes.com.br\/frota\/ford-fusion-ecoboost\/\" class=\"uagb-infobox-link-wrap uagb-infbox__link-to-all\" target=\"_self\" aria-label=\"Infobox Link\" rel=\"noopener noreferrer\" onclick=\"return true;\"><\/a><div class=\"uagb-ifb-content\"><div class=\"uagb-ifb-image-content\"><img decoding=\"async\" src=\"https:\/\/onofftransportes.com.br\/novo\/wp-content\/uploads\/2021\/07\/Ford-Fusion-Ecoboost-1.jpg\" alt=\"Ford Fusion Ecoboost\" width=\"600\" height=\"375\" loading=\"lazy\"\/><\/div><div class=\"uagb-ifb-title-wrap\"><h3 class=\"uagb-ifb-title\"><a href=\"https:\/\/onofftransportes.com.br\/frota\/ford-fusion-ecoboost\/\">Ford Fusion Ecoboost.<\/a><\/h3><\/div><p class=\"uagb-ifb-desc\">Loca\u00e7\u00e3o de Ford Fusion Ecoboost com motorista. Ford Fusion Ecoboost&#8230;<\/p><div class=\"uagb-ifb-button-wrapper wp-block-button\"><\/div><\/div><\/div>\n<\/div>\n<\/div><\/section>\n<\/div><\/div>\n","protected":false},"excerpt":{"rendered":"","protected":false},"author":1,"featured_media":0,"parent":0,"menu_order":0,"comment_status":"closed","ping_status":"closed","template":"","meta":{"_uag_custom_page_level_css":"","site-sidebar-layout":"default","site-content-layout":"","ast-site-content-layout":"default","site-content-style":"default","site-sidebar-style":"default","ast-global-header-display":"","ast-banner-title-visibility":"","ast-main-header-display":"","ast-hfb-above-header-display":"","ast-hfb-below-header-display":"","ast-hfb-mobile-header-display":"","site-post-title":"","ast-breadcrumbs-content":"","ast-featured-img":"","footer-sml-layout":"","ast-disable-related-posts":"","theme-transparent-header-meta":"","adv-header-id-meta":"","stick-header-meta":"","header-above-stick-meta":"","header-main-stick-meta":"","header-below-stick-meta":"","astra-migrate-meta-layouts":"default","ast-page-background-enabled":"default","ast-page-background-meta":{"desktop":{"background-color":"","background-image":"","background-repeat":"repeat","background-position":"center center","background-size":"auto","background-attachment":"scroll","background-type":"","background-media":"","overlay-type":"","overlay-color":"","overlay-opacity":"","overlay-gradient":""},"tablet":{"background-color":"","background-image":"","background-repeat":"repeat","background-position":"center center","background-size":"auto","background-attachment":"scroll","background-type":"","background-media":"","overlay-type":"","overlay-color":"","overlay-opacity":"","overlay-gradient":""},"mobile":{"background-color":"","background-image":"","background-repeat":"repeat","background-position":"center center","background-size":"auto","background-attachment":"scroll","background-type":"","background-media":"","overlay-type":"","overlay-color":"","overlay-opacity":"","overlay-gradient":""}},"ast-content-background-meta":{"desktop":{"background-color":"var(--ast-global-color-5)","background-image":"","background-repeat":"repeat","background-position":"center center","background-size":"auto","background-attachment":"scroll","background-type":"","background-media":"","overlay-type":"","overlay-color":"","overlay-opacity":"","overlay-gradient":""},"tablet":{"background-color":"var(--ast-global-color-5)","background-image":"","background-repeat":"repeat","background-position":"center center","background-size":"auto","background-attachment":"scroll","background-type":"","background-media":"","overlay-type":"","overlay-color":"","overlay-opacity":"","overlay-gradient":""},"mobile":{"background-color":"var(--ast-global-color-5)","background-image":"","background-repeat":"repeat","background-position":"center center","background-size":"auto","background-attachment":"scroll","background-type":"","background-media":"","overlay-type":"","overlay-color":"","overlay-opacity":"","overlay-gradient":""}},"footnotes":""},"class_list":["post-4882","page","type-page","status-publish","hentry"],"yoast_head":"<!-- This site is optimized with the Yoast SEO plugin v27.5 - https:\/\/yoast.com\/product\/yoast-seo-wordpress\/ -->\n<title>On Off Aluguel de vans e ve\u00edculos com motorista - Nossa Frota.<\/title>\n<meta name=\"description\" content=\"Uma das mais completas frota de ve\u00edculos para loca\u00e7\u00e3o com motorista em S\u00e3o Paulo. Atendemos 24 horas por dia 365 dias por ano\" \/>\n<meta name=\"robots\" content=\"index, follow, max-snippet:-1, max-image-preview:large, max-video-preview:-1\" \/>\n<link rel=\"canonical\" href=\"https:\/\/onofftransportes.com.br\/novo\/frota\/\" \/>\n<meta property=\"og:locale\" content=\"pt_BR\" \/>\n<meta property=\"og:type\" content=\"article\" \/>\n<meta property=\"og:title\" content=\"On Off Aluguel de vans e ve\u00edculos com motorista - Nossa Frota.\" \/>\n<meta property=\"og:description\" content=\"Uma das mais completas frota de ve\u00edculos para loca\u00e7\u00e3o com motorista em S\u00e3o Paulo. Atendemos 24 horas por dia 365 dias por ano\" \/>\n<meta property=\"og:url\" content=\"https:\/\/onofftransportes.com.br\/novo\/frota\/\" \/>\n<meta property=\"og:site_name\" content=\"Aluguel de Vans On Off Transportes\" \/>\n<meta property=\"article:modified_time\" content=\"2023-05-18T19:18:44+00:00\" \/>\n<meta property=\"og:image\" content=\"https:\/\/onofftransportes.com.br\/novo\/wp-content\/uploads\/2021\/07\/van-sprinter2-1.jpg\" \/>\n<meta name=\"twitter:card\" content=\"summary_large_image\" \/>\n<meta name=\"twitter:label1\" content=\"Est. tempo de leitura\" \/>\n\t<meta name=\"twitter:data1\" content=\"3 minutos\" \/>\n<script type=\"application\/ld+json\" class=\"yoast-schema-graph\">{\"@context\":\"https:\\\/\\\/schema.org\",\"@graph\":[{\"@type\":\"WebPage\",\"@id\":\"https:\\\/\\\/onofftransportes.com.br\\\/novo\\\/frota\\\/\",\"url\":\"https:\\\/\\\/onofftransportes.com.br\\\/novo\\\/frota\\\/\",\"name\":\"On Off Aluguel de vans e ve\u00edculos com motorista - Nossa Frota.\",\"isPartOf\":{\"@id\":\"https:\\\/\\\/onofftransportes.com.br\\\/novo\\\/#website\"},\"primaryImageOfPage\":{\"@id\":\"https:\\\/\\\/onofftransportes.com.br\\\/novo\\\/frota\\\/#primaryimage\"},\"image\":{\"@id\":\"https:\\\/\\\/onofftransportes.com.br\\\/novo\\\/frota\\\/#primaryimage\"},\"thumbnailUrl\":\"https:\\\/\\\/onofftransportes.com.br\\\/novo\\\/wp-content\\\/uploads\\\/2021\\\/07\\\/van-sprinter2-1.jpg\",\"datePublished\":\"2023-05-17T14:19:59+00:00\",\"dateModified\":\"2023-05-18T19:18:44+00:00\",\"description\":\"Uma das mais completas frota de ve\u00edculos para loca\u00e7\u00e3o com motorista em S\u00e3o Paulo. Atendemos 24 horas por dia 365 dias por ano\",\"breadcrumb\":{\"@id\":\"https:\\\/\\\/onofftransportes.com.br\\\/novo\\\/frota\\\/#breadcrumb\"},\"inLanguage\":\"pt-BR\",\"potentialAction\":[{\"@type\":\"ReadAction\",\"target\":[\"https:\\\/\\\/onofftransportes.com.br\\\/novo\\\/frota\\\/\"]}]},{\"@type\":\"ImageObject\",\"inLanguage\":\"pt-BR\",\"@id\":\"https:\\\/\\\/onofftransportes.com.br\\\/novo\\\/frota\\\/#primaryimage\",\"url\":\"https:\\\/\\\/onofftransportes.com.br\\\/novo\\\/wp-content\\\/uploads\\\/2021\\\/07\\\/van-sprinter2-1.jpg\",\"contentUrl\":\"https:\\\/\\\/onofftransportes.com.br\\\/novo\\\/wp-content\\\/uploads\\\/2021\\\/07\\\/van-sprinter2-1.jpg\",\"width\":1032,\"height\":581,\"caption\":\"van-sprinter2\"},{\"@type\":\"BreadcrumbList\",\"@id\":\"https:\\\/\\\/onofftransportes.com.br\\\/novo\\\/frota\\\/#breadcrumb\",\"itemListElement\":[{\"@type\":\"ListItem\",\"position\":1,\"name\":\"In\u00edcio\",\"item\":\"https:\\\/\\\/onofftransportes.com.br\\\/novo\\\/\"},{\"@type\":\"ListItem\",\"position\":2,\"name\":\"On Off Aluguel de vans e ve\u00edculos com motorista &#8211; Nossa Frota.\"}]},{\"@type\":\"WebSite\",\"@id\":\"https:\\\/\\\/onofftransportes.com.br\\\/novo\\\/#website\",\"url\":\"https:\\\/\\\/onofftransportes.com.br\\\/novo\\\/\",\"name\":\"Aluguel de Vans On Off Transportes\",\"description\":\"A On Off Transportes Executivo \u00e9 uma empresa especializada em Aluguel de Vans, Loca\u00e7\u00e3o de Vans, Micro\u00f4nibus,\u00f4nibus e carros executivos em S\u00e3o Paulo.\",\"publisher\":{\"@id\":\"https:\\\/\\\/onofftransportes.com.br\\\/novo\\\/#organization\"},\"potentialAction\":[{\"@type\":\"SearchAction\",\"target\":{\"@type\":\"EntryPoint\",\"urlTemplate\":\"https:\\\/\\\/onofftransportes.com.br\\\/novo\\\/?s={search_term_string}\"},\"query-input\":{\"@type\":\"PropertyValueSpecification\",\"valueRequired\":true,\"valueName\":\"search_term_string\"}}],\"inLanguage\":\"pt-BR\"},{\"@type\":\"Organization\",\"@id\":\"https:\\\/\\\/onofftransportes.com.br\\\/novo\\\/#organization\",\"name\":\"Aluguel de Vans On Off Transportes\",\"url\":\"https:\\\/\\\/onofftransportes.com.br\\\/novo\\\/\",\"logo\":{\"@type\":\"ImageObject\",\"inLanguage\":\"pt-BR\",\"@id\":\"https:\\\/\\\/onofftransportes.com.br\\\/novo\\\/#\\\/schema\\\/logo\\\/image\\\/\",\"url\":\"https:\\\/\\\/onofftransportes.com.br\\\/novo\\\/wp-content\\\/uploads\\\/2023\\\/05\\\/cropped-logo-onofftransporte.png\",\"contentUrl\":\"https:\\\/\\\/onofftransportes.com.br\\\/novo\\\/wp-content\\\/uploads\\\/2023\\\/05\\\/cropped-logo-onofftransporte.png\",\"width\":303,\"height\":166,\"caption\":\"Aluguel de Vans On Off Transportes\"},\"image\":{\"@id\":\"https:\\\/\\\/onofftransportes.com.br\\\/novo\\\/#\\\/schema\\\/logo\\\/image\\\/\"}}]}<\/script>\n<!-- \/ Yoast SEO plugin. -->","yoast_head_json":{"title":"On Off Aluguel de vans e ve\u00edculos com motorista - Nossa Frota.","description":"Uma das mais completas frota de ve\u00edculos para loca\u00e7\u00e3o com motorista em S\u00e3o Paulo. Atendemos 24 horas por dia 365 dias por ano","robots":{"index":"index","follow":"follow","max-snippet":"max-snippet:-1","max-image-preview":"max-image-preview:large","max-video-preview":"max-video-preview:-1"},"canonical":"https:\/\/onofftransportes.com.br\/novo\/frota\/","og_locale":"pt_BR","og_type":"article","og_title":"On Off Aluguel de vans e ve\u00edculos com motorista - Nossa Frota.","og_description":"Uma das mais completas frota de ve\u00edculos para loca\u00e7\u00e3o com motorista em S\u00e3o Paulo. Atendemos 24 horas por dia 365 dias por ano","og_url":"https:\/\/onofftransportes.com.br\/novo\/frota\/","og_site_name":"Aluguel de Vans On Off Transportes","article_modified_time":"2023-05-18T19:18:44+00:00","og_image":[{"url":"https:\/\/onofftransportes.com.br\/novo\/wp-content\/uploads\/2021\/07\/van-sprinter2-1.jpg","type":"","width":"","height":""}],"twitter_card":"summary_large_image","twitter_misc":{"Est. tempo de leitura":"3 minutos"},"schema":{"@context":"https:\/\/schema.org","@graph":[{"@type":"WebPage","@id":"https:\/\/onofftransportes.com.br\/novo\/frota\/","url":"https:\/\/onofftransportes.com.br\/novo\/frota\/","name":"On Off Aluguel de vans e ve\u00edculos com motorista - Nossa Frota.","isPartOf":{"@id":"https:\/\/onofftransportes.com.br\/novo\/#website"},"primaryImageOfPage":{"@id":"https:\/\/onofftransportes.com.br\/novo\/frota\/#primaryimage"},"image":{"@id":"https:\/\/onofftransportes.com.br\/novo\/frota\/#primaryimage"},"thumbnailUrl":"https:\/\/onofftransportes.com.br\/novo\/wp-content\/uploads\/2021\/07\/van-sprinter2-1.jpg","datePublished":"2023-05-17T14:19:59+00:00","dateModified":"2023-05-18T19:18:44+00:00","description":"Uma das mais completas frota de ve\u00edculos para loca\u00e7\u00e3o com motorista em S\u00e3o Paulo. Atendemos 24 horas por dia 365 dias por ano","breadcrumb":{"@id":"https:\/\/onofftransportes.com.br\/novo\/frota\/#breadcrumb"},"inLanguage":"pt-BR","potentialAction":[{"@type":"ReadAction","target":["https:\/\/onofftransportes.com.br\/novo\/frota\/"]}]},{"@type":"ImageObject","inLanguage":"pt-BR","@id":"https:\/\/onofftransportes.com.br\/novo\/frota\/#primaryimage","url":"https:\/\/onofftransportes.com.br\/novo\/wp-content\/uploads\/2021\/07\/van-sprinter2-1.jpg","contentUrl":"https:\/\/onofftransportes.com.br\/novo\/wp-content\/uploads\/2021\/07\/van-sprinter2-1.jpg","width":1032,"height":581,"caption":"van-sprinter2"},{"@type":"BreadcrumbList","@id":"https:\/\/onofftransportes.com.br\/novo\/frota\/#breadcrumb","itemListElement":[{"@type":"ListItem","position":1,"name":"In\u00edcio","item":"https:\/\/onofftransportes.com.br\/novo\/"},{"@type":"ListItem","position":2,"name":"On Off Aluguel de vans e ve\u00edculos com motorista &#8211; Nossa Frota."}]},{"@type":"WebSite","@id":"https:\/\/onofftransportes.com.br\/novo\/#website","url":"https:\/\/onofftransportes.com.br\/novo\/","name":"Aluguel de Vans On Off Transportes","description":"A On Off Transportes Executivo \u00e9 uma empresa especializada em Aluguel de Vans, Loca\u00e7\u00e3o de Vans, Micro\u00f4nibus,\u00f4nibus e carros executivos em S\u00e3o Paulo.","publisher":{"@id":"https:\/\/onofftransportes.com.br\/novo\/#organization"},"potentialAction":[{"@type":"SearchAction","target":{"@type":"EntryPoint","urlTemplate":"https:\/\/onofftransportes.com.br\/novo\/?s={search_term_string}"},"query-input":{"@type":"PropertyValueSpecification","valueRequired":true,"valueName":"search_term_string"}}],"inLanguage":"pt-BR"},{"@type":"Organization","@id":"https:\/\/onofftransportes.com.br\/novo\/#organization","name":"Aluguel de Vans On Off Transportes","url":"https:\/\/onofftransportes.com.br\/novo\/","logo":{"@type":"ImageObject","inLanguage":"pt-BR","@id":"https:\/\/onofftransportes.com.br\/novo\/#\/schema\/logo\/image\/","url":"https:\/\/onofftransportes.com.br\/novo\/wp-content\/uploads\/2023\/05\/cropped-logo-onofftransporte.png","contentUrl":"https:\/\/onofftransportes.com.br\/novo\/wp-content\/uploads\/2023\/05\/cropped-logo-onofftransporte.png","width":303,"height":166,"caption":"Aluguel de Vans On Off Transportes"},"image":{"@id":"https:\/\/onofftransportes.com.br\/novo\/#\/schema\/logo\/image\/"}}]}},"uagb_featured_image_src":{"full":false,"thumbnail":false,"medium":false,"medium_large":false,"large":false,"1536x1536":false,"2048x2048":false},"uagb_author_info":{"display_name":"On Off Transporte","author_link":"https:\/\/onofftransportes.com.br\/novo\/blog\/author\/on-off-transporte\/"},"uagb_comment_info":0,"uagb_excerpt":null,"_links":{"self":[{"href":"https:\/\/onofftransportes.com.br\/novo\/wp-json\/wp\/v2\/pages\/4882","targetHints":{"allow":["GET"]}}],"collection":[{"href":"https:\/\/onofftransportes.com.br\/novo\/wp-json\/wp\/v2\/pages"}],"about":[{"href":"https:\/\/onofftransportes.com.br\/novo\/wp-json\/wp\/v2\/types\/page"}],"author":[{"embeddable":true,"href":"https:\/\/onofftransportes.com.br\/novo\/wp-json\/wp\/v2\/users\/1"}],"replies":[{"embeddable":true,"href":"https:\/\/onofftransportes.com.br\/novo\/wp-json\/wp\/v2\/comments?post=4882"}],"version-history":[{"count":19,"href":"https:\/\/onofftransportes.com.br\/novo\/wp-json\/wp\/v2\/pages\/4882\/revisions"}],"predecessor-version":[{"id":4932,"href":"https:\/\/onofftransportes.com.br\/novo\/wp-json\/wp\/v2\/pages\/4882\/revisions\/4932"}],"wp:attachment":[{"href":"https:\/\/onofftransportes.com.br\/novo\/wp-json\/wp\/v2\/media?parent=4882"}],"curies":[{"name":"wp","href":"https:\/\/api.w.org\/{rel}","templated":true}]}}