{"id":4886,"date":"2023-05-17T11:24:32","date_gmt":"2023-05-17T14:24:32","guid":{"rendered":"https:\/\/onofftransportes.com.br\/novo\/?page_id=4886"},"modified":"2023-05-18T21:05:26","modified_gmt":"2023-05-19T00:05:26","slug":"servicos","status":"publish","type":"page","link":"https:\/\/onofftransportes.com.br\/novo\/servicos\/","title":{"rendered":"Servi\u00e7os ON OFF transportes."},"content":{"rendered":"\n<div class=\"wp-block-uagb-container uagb-block-471a6617 alignfull uagb-is-root-container\"><div class=\"uagb-container-inner-blocks-wrap\">\n<p>Aluguel de Van, Loca\u00e7\u00e3o de \u00d4nibus, Loca\u00e7\u00e3o de Micro-\u00f4nibus e ve\u00edculos executivos<\/p>\n\n\n\n<p>De acordo com nossa estrutura, podemos perfeitamente atender seus clientes e funcion\u00e1rios causando sempre uma boa impress\u00e3o.&nbsp;<br>Possu\u00edmos vans altamente equipadas visando seguran\u00e7a e conforto dos passageiros, al\u00e9m do diferencial de nossa equipe de estarem sempre bem trajados, treinamento para atender clientes com necessidades especiais al\u00e9m de motoristas bil\u00edngues (fluentes em ingl\u00eas e espanhol se necessitado).&nbsp;<br>Ent\u00e3o havendo feiras ou eventos, deixe a recep\u00e7\u00e3o e o transporte a cargo da On Off e preocupe-se apenas com o andamento do evento.&nbsp;<br>Atrav\u00e9s de uma infra-estrutura completa, \u00e9 poss\u00edvel causar uma excelente impress\u00e3o aos seus funcion\u00e1rios, clientes do Brasil e do exterior.<\/p>\n<\/div><\/div>\n\n\n\n<div class=\"wp-block-uagb-container uagb-block-5305db11 alignfull uagb-is-root-container\"><div class=\"uagb-container-inner-blocks-wrap\">\n<section class=\"wp-block-uagb-columns uagb-columns__wrap uagb-columns__background-color uagb-columns__stack-tablet uagb-columns__valign-top uagb-columns__gap-10 align uagb-block-fc33afb7 uagb-columns__columns-3 uagb-columns__max_width-theme\"><div class=\"uagb-columns__overlay\"><\/div><div class=\"uagb-columns__inner-wrap uagb-columns__columns-3\">\n<div class=\"wp-block-uagb-column uagb-column__wrap uagb-column__background-color uagb-block-ce7e8ddf\"><div class=\"uagb-column__overlay\"><\/div>\n<div class=\"wp-block-uagb-info-box uagb-block-75e4ddc5 uagb-infobox__content-wrap  uagb-infobox_cta-type-all uagb-infobox-icon-above-title uagb-infobox-image-valign-top\"><a href=\"https:\/\/onofftransportes.com.br\/servicos\/aluguel-de-veiculos-executivos-com-motorista\/\" class=\"uagb-infobox-link-wrap uagb-infbox__link-to-all\" target=\"_self\" aria-label=\"Infobox Link\" rel=\"noopener noreferrer\" onclick=\"return true;\"><\/a><div class=\"uagb-ifb-content\"><div class=\"uagb-ifb-title-wrap\"><h3 class=\"uagb-ifb-title\"><a href=\"https:\/\/onofftransportes.com.br\/servicos\/aluguel-de-veiculos-executivos-com-motorista\/\">Aluguel de ve\u00edculos executivos com motorista.<\/a><\/h3><\/div><p class=\"uagb-ifb-desc\">Aluguel de ve\u00edculos executivos com motorista. Somos especializados no transporte&#8230;<\/p><div class=\"uagb-ifb-button-wrapper wp-block-button\"><\/div><\/div><\/div>\n<\/div>\n\n\n\n<div class=\"wp-block-uagb-column uagb-column__wrap uagb-column__background-color uagb-block-a592b27f\"><div class=\"uagb-column__overlay\"><\/div>\n<div class=\"wp-block-uagb-info-box uagb-block-5a42e804 uagb-infobox__content-wrap  uagb-infobox_cta-type-all uagb-infobox-icon-above-title uagb-infobox-image-valign-top\"><a href=\"https:\/\/onofftransportes.com.br\/servicos\/aluguel-de-micro-onibus-fretamento-com-motorista\/\" class=\"uagb-infobox-link-wrap uagb-infbox__link-to-all\" target=\"_self\" aria-label=\"Infobox Link\" rel=\"noopener noreferrer\" onclick=\"return true;\"><\/a><div class=\"uagb-ifb-content\"><div class=\"uagb-ifb-title-wrap\"><h3 class=\"uagb-ifb-title\"><a href=\"https:\/\/onofftransportes.com.br\/servicos\/aluguel-de-micro-onibus-fretamento-com-motorista\/\">Aluguel de Micro-\u00d4nibus (Fretamento com motorista).<\/a><\/h3><\/div><p class=\"uagb-ifb-desc\">Aluguel de Micro-\u00d4nibus (Fretamento com motorista). A OnOff Transportes disp\u00f5e&nbsp;do&#8230;<\/p><div class=\"uagb-ifb-button-wrapper wp-block-button\"><\/div><\/div><\/div>\n<\/div>\n\n\n\n<div class=\"wp-block-uagb-column uagb-column__wrap uagb-column__background-color uagb-block-518a2394\"><div class=\"uagb-column__overlay\"><\/div>\n<div class=\"wp-block-uagb-info-box uagb-block-cf388486 uagb-infobox__content-wrap  uagb-infobox_cta-type-all uagb-infobox-icon-above-title uagb-infobox-image-valign-top\"><a href=\"https:\/\/onofftransportes.com.br\/servicos\/aluguel-de-onibus-fretamento-com-motorista\/\" class=\"uagb-infobox-link-wrap uagb-infbox__link-to-all\" target=\"_self\" aria-label=\"Infobox Link\" rel=\"noopener noreferrer\" onclick=\"return true;\"><\/a><div class=\"uagb-ifb-content\"><div class=\"uagb-ifb-title-wrap\"><h3 class=\"uagb-ifb-title\"><a href=\"https:\/\/onofftransportes.com.br\/servicos\/aluguel-de-onibus-fretamento-com-motorista\/\">Aluguel de \u00d4nibus (Fretamento com motorista).<\/a><\/h3><\/div><p class=\"uagb-ifb-desc\">Aluguel de \u00d4nibus (Fretamento com motorista). Fretamento de \u00f4nibus para&#8230;<\/p><div class=\"uagb-ifb-button-wrapper wp-block-button\"><\/div><\/div><\/div>\n<\/div>\n<\/div><\/section>\n\n\n\n<section class=\"wp-block-uagb-columns uagb-columns__wrap uagb-columns__background-color uagb-columns__stack-tablet uagb-columns__valign-top uagb-columns__gap-10 align uagb-block-00a95bad uagb-columns__columns-3 uagb-columns__max_width-theme\"><div class=\"uagb-columns__overlay\"><\/div><div class=\"uagb-columns__inner-wrap uagb-columns__columns-3\">\n<div class=\"wp-block-uagb-column uagb-column__wrap uagb-column__background-color uagb-block-27504eaf\"><div class=\"uagb-column__overlay\"><\/div>\n<div class=\"wp-block-uagb-info-box uagb-block-cf4f1549 uagb-infobox__content-wrap  uagb-infobox_cta-type-all uagb-infobox-icon-above-title uagb-infobox-image-valign-top\"><a href=\"https:\/\/onofftransportes.com.br\/servicos\/aluguel-de-vans\/\" class=\"uagb-infobox-link-wrap uagb-infbox__link-to-all\" target=\"_self\" aria-label=\"Infobox Link\" rel=\"noopener noreferrer\" onclick=\"return true;\"><\/a><div class=\"uagb-ifb-content\"><div class=\"uagb-ifb-title-wrap\"><h3 class=\"uagb-ifb-title\"><a href=\"https:\/\/onofftransportes.com.br\/servicos\/aluguel-de-vans\/\">Aluguel de Vans.<\/a><\/h3><\/div><p class=\"uagb-ifb-desc\">Aluguel de Vans. Loca\u00e7\u00e3o de Vans modernas,&nbsp;equipadas e devidamente credenciadas&#8230;.<\/p><div class=\"uagb-ifb-button-wrapper wp-block-button\"><\/div><\/div><\/div>\n<\/div>\n\n\n\n<div class=\"wp-block-uagb-column uagb-column__wrap uagb-column__background-color uagb-block-82bf91b6\"><div class=\"uagb-column__overlay\"><\/div>\n<div class=\"wp-block-uagb-info-box uagb-block-baaa153e uagb-infobox__content-wrap  uagb-infobox_cta-type-all uagb-infobox-icon-above-title uagb-infobox-image-valign-top\"><a href=\"https:\/\/onofftransportes.com.br\/servicos\/receptivo-em-aeroportos\/\" class=\"uagb-infobox-link-wrap uagb-infbox__link-to-all\" target=\"_self\" aria-label=\"Infobox Link\" rel=\"noopener noreferrer\" onclick=\"return true;\"><\/a><div class=\"uagb-ifb-content\"><div class=\"uagb-ifb-title-wrap\"><h3 class=\"uagb-ifb-title\"><a href=\"https:\/\/onofftransportes.com.br\/servicos\/receptivo-em-aeroportos\/\">Receptivo em aeroportos.<\/a><\/h3><\/div><p class=\"uagb-ifb-desc\">Receptivo em aeroportos. Realizamos o receptivo na sua empresa, Aeroportos,&#8230;<\/p><div class=\"uagb-ifb-button-wrapper wp-block-button\"><\/div><\/div><\/div>\n<\/div>\n\n\n\n<div class=\"wp-block-uagb-column uagb-column__wrap uagb-column__background-color uagb-block-16e35bda\"><div class=\"uagb-column__overlay\"><\/div>\n<div class=\"wp-block-uagb-info-box uagb-block-be3d522c uagb-infobox__content-wrap  uagb-infobox_cta-type-all uagb-infobox-icon-above-title uagb-infobox-image-valign-top\"><a href=\"https:\/\/onofftransportes.com.br\/servicos\/aluguel-de-vans-e-veiculos-para-eventos-e-promocoes\/\" class=\"uagb-infobox-link-wrap uagb-infbox__link-to-all\" target=\"_self\" aria-label=\"Infobox Link\" rel=\"noopener noreferrer\" onclick=\"return true;\"><\/a><div class=\"uagb-ifb-content\"><div class=\"uagb-ifb-title-wrap\"><h3 class=\"uagb-ifb-title\"><a href=\"https:\/\/onofftransportes.com.br\/servicos\/aluguel-de-vans-e-veiculos-para-eventos-e-promocoes\/\">Aluguel de vans e ve\u00edculos para eventos e promo\u00e7\u00f5es<\/a>.<\/h3><\/div><p class=\"uagb-ifb-desc\">Aluguel de vans e ve\u00edculos para eventos e promo\u00e7\u00f5es. A&#8230;<\/p><div class=\"uagb-ifb-button-wrapper wp-block-button\"><\/div><\/div><\/div>\n<\/div>\n<\/div><\/section>\n\n\n\n<section class=\"wp-block-uagb-columns uagb-columns__wrap uagb-columns__background-color uagb-columns__stack-tablet uagb-columns__valign-top uagb-columns__gap-10 align uagb-block-7afc78c6 uagb-columns__columns-3 uagb-columns__max_width-theme\"><div class=\"uagb-columns__overlay\"><\/div><div class=\"uagb-columns__inner-wrap uagb-columns__columns-3\">\n<div class=\"wp-block-uagb-column uagb-column__wrap uagb-column__background-color uagb-block-a7b0200a\"><div class=\"uagb-column__overlay\"><\/div>\n<div class=\"wp-block-uagb-info-box uagb-block-4fec56bc uagb-infobox__content-wrap  uagb-infobox_cta-type-all uagb-infobox-icon-above-title uagb-infobox-image-valign-top\"><a href=\"https:\/\/onofftransportes.com.br\/servicos\/veiculos-para-viagens-e-turismo\/\" class=\"uagb-infobox-link-wrap uagb-infbox__link-to-all\" target=\"_self\" aria-label=\"Infobox Link\" rel=\"noopener noreferrer\" onclick=\"return true;\"><\/a><div class=\"uagb-ifb-content\"><div class=\"uagb-ifb-title-wrap\"><h3 class=\"uagb-ifb-title\"><a href=\"https:\/\/onofftransportes.com.br\/servicos\/veiculos-para-viagens-e-turismo\/\">Ve\u00edculos para viagens e turismo.<\/a><\/h3><\/div><p class=\"uagb-ifb-desc\">Ve\u00edculos para viagens e turismo. Fazemos City Tour na cidade&#8230;<\/p><div class=\"uagb-ifb-button-wrapper wp-block-button\"><\/div><\/div><\/div>\n<\/div>\n\n\n\n<div class=\"wp-block-uagb-column uagb-column__wrap uagb-column__background-color uagb-block-feb13c05\"><div class=\"uagb-column__overlay\"><\/div>\n<div class=\"wp-block-uagb-info-box uagb-block-e0be450b uagb-infobox__content-wrap  uagb-infobox_cta-type-all uagb-infobox-icon-above-title uagb-infobox-image-valign-top\"><a href=\"https:\/\/onofftransportes.com.br\/servicos\/veiculo-a-disposicao\/\" class=\"uagb-infobox-link-wrap uagb-infbox__link-to-all\" target=\"_self\" aria-label=\"Infobox Link\" rel=\"noopener noreferrer\" onclick=\"return true;\"><\/a><div class=\"uagb-ifb-content\"><div class=\"uagb-ifb-title-wrap\"><h3 class=\"uagb-ifb-title\"><a href=\"https:\/\/onofftransportes.com.br\/servicos\/veiculo-a-disposicao\/\">Ve\u00edculo \u00e0 disposi\u00e7\u00e3o.<\/a><\/h3><\/div><p class=\"uagb-ifb-desc\">Ve\u00edculo \u00e0 disposi\u00e7\u00e3o. Recomendamos para situa\u00e7\u00f5es onde haja necessidade de&#8230;<\/p><div class=\"uagb-ifb-button-wrapper wp-block-button\"><\/div><\/div><\/div>\n<\/div>\n\n\n\n<div class=\"wp-block-uagb-column uagb-column__wrap uagb-column__background-color uagb-block-b0e7b57f\"><div class=\"uagb-column__overlay\"><\/div>\n<div class=\"wp-block-uagb-info-box uagb-block-cf2e1138 uagb-infobox__content-wrap  uagb-infobox_cta-type-all uagb-infobox-icon-above-title uagb-infobox-image-valign-top\"><a href=\"https:\/\/onofftransportes.com.br\/servicos\/traslados-aeroportos-em-sp\/\" class=\"uagb-infobox-link-wrap uagb-infbox__link-to-all\" target=\"_self\" aria-label=\"Infobox Link\" rel=\"noopener noreferrer\" onclick=\"return true;\"><\/a><div class=\"uagb-ifb-content\"><div class=\"uagb-ifb-title-wrap\"><h3 class=\"uagb-ifb-title\"><a href=\"https:\/\/onofftransportes.com.br\/servicos\/traslados-aeroportos-em-sp\/\">Traslados aeroportos em SP.<\/a><\/h3><\/div><p class=\"uagb-ifb-desc\"><a href=\"https:\/\/onofftransportes.com.br\/servicos\/traslados-aeroportos-em-sp\/\">Traslados aeroportos em SP.<\/a><\/p><div class=\"uagb-ifb-button-wrapper wp-block-button\"><\/div><\/div><\/div>\n<\/div>\n<\/div><\/section>\n<\/div><\/div>\n","protected":false},"excerpt":{"rendered":"<p>Aluguel de Van, Loca\u00e7\u00e3o de \u00d4nibus, Loca\u00e7\u00e3o de Micro-\u00f4nibus e ve\u00edculos executivos De acordo com nossa estrutura, podemos perfeitamente atender seus clientes e funcion\u00e1rios causando sempre uma boa impress\u00e3o.&nbsp;Possu\u00edmos vans altamente equipadas visando seguran\u00e7a e conforto dos passageiros, al\u00e9m do diferencial de nossa equipe de estarem sempre bem trajados, treinamento para atender clientes com necessidades [&hellip;]<\/p>\n","protected":false},"author":1,"featured_media":0,"parent":0,"menu_order":0,"comment_status":"closed","ping_status":"closed","template":"","meta":{"_uag_custom_page_level_css":"","site-sidebar-layout":"default","site-content-layout":"","ast-site-content-layout":"default","site-content-style":"default","site-sidebar-style":"default","ast-global-header-display":"","ast-banner-title-visibility":"","ast-main-header-display":"","ast-hfb-above-header-display":"","ast-hfb-below-header-display":"","ast-hfb-mobile-header-display":"","site-post-title":"","ast-breadcrumbs-content":"","ast-featured-img":"","footer-sml-layout":"","ast-disable-related-posts":"","theme-transparent-header-meta":"","adv-header-id-meta":"","stick-header-meta":"","header-above-stick-meta":"","header-main-stick-meta":"","header-below-stick-meta":"","astra-migrate-meta-layouts":"default","ast-page-background-enabled":"default","ast-page-background-meta":{"desktop":{"background-color":"","background-image":"","background-repeat":"repeat","background-position":"center center","background-size":"auto","background-attachment":"scroll","background-type":"","background-media":"","overlay-type":"","overlay-color":"","overlay-opacity":"","overlay-gradient":""},"tablet":{"background-color":"","background-image":"","background-repeat":"repeat","background-position":"center center","background-size":"auto","background-attachment":"scroll","background-type":"","background-media":"","overlay-type":"","overlay-color":"","overlay-opacity":"","overlay-gradient":""},"mobile":{"background-color":"","background-image":"","background-repeat":"repeat","background-position":"center center","background-size":"auto","background-attachment":"scroll","background-type":"","background-media":"","overlay-type":"","overlay-color":"","overlay-opacity":"","overlay-gradient":""}},"ast-content-background-meta":{"desktop":{"background-color":"var(--ast-global-color-5)","background-image":"","background-repeat":"repeat","background-position":"center center","background-size":"auto","background-attachment":"scroll","background-type":"","background-media":"","overlay-type":"","overlay-color":"","overlay-opacity":"","overlay-gradient":""},"tablet":{"background-color":"var(--ast-global-color-5)","background-image":"","background-repeat":"repeat","background-position":"center center","background-size":"auto","background-attachment":"scroll","background-type":"","background-media":"","overlay-type":"","overlay-color":"","overlay-opacity":"","overlay-gradient":""},"mobile":{"background-color":"var(--ast-global-color-5)","background-image":"","background-repeat":"repeat","background-position":"center center","background-size":"auto","background-attachment":"scroll","background-type":"","background-media":"","overlay-type":"","overlay-color":"","overlay-opacity":"","overlay-gradient":""}},"footnotes":""},"class_list":["post-4886","page","type-page","status-publish","hentry"],"yoast_head":"<!-- This site is optimized with the Yoast SEO plugin v27.5 - https:\/\/yoast.com\/product\/yoast-seo-wordpress\/ -->\n<title>Servi\u00e7os para Aluguel de Vans On Off Transportes<\/title>\n<meta name=\"description\" content=\"Servi\u00e7os ON OFF transportes. Aluguel de vans, \u00f4nibus e micro-\u00f4nibus executivos, com motorista em S\u00e3o Paulo.\" \/>\n<meta name=\"robots\" content=\"index, follow, max-snippet:-1, max-image-preview:large, max-video-preview:-1\" \/>\n<link rel=\"canonical\" href=\"https:\/\/onofftransportes.com.br\/novo\/servicos\/\" \/>\n<meta property=\"og:locale\" content=\"pt_BR\" \/>\n<meta property=\"og:type\" content=\"article\" \/>\n<meta property=\"og:title\" content=\"Servi\u00e7os para Aluguel de Vans On Off Transportes\" \/>\n<meta property=\"og:description\" content=\"Servi\u00e7os ON OFF transportes. Aluguel de vans, \u00f4nibus e micro-\u00f4nibus executivos, com motorista em S\u00e3o Paulo.\" \/>\n<meta property=\"og:url\" content=\"https:\/\/onofftransportes.com.br\/novo\/servicos\/\" \/>\n<meta property=\"og:site_name\" content=\"Aluguel de Vans On Off Transportes\" \/>\n<meta property=\"article:modified_time\" content=\"2023-05-19T00:05:26+00:00\" \/>\n<meta name=\"twitter:card\" content=\"summary_large_image\" \/>\n<meta name=\"twitter:label1\" content=\"Est. tempo de leitura\" \/>\n\t<meta name=\"twitter:data1\" content=\"1 minuto\" \/>\n<script type=\"application\/ld+json\" class=\"yoast-schema-graph\">{\"@context\":\"https:\\\/\\\/schema.org\",\"@graph\":[{\"@type\":\"WebPage\",\"@id\":\"https:\\\/\\\/onofftransportes.com.br\\\/novo\\\/servicos\\\/\",\"url\":\"https:\\\/\\\/onofftransportes.com.br\\\/novo\\\/servicos\\\/\",\"name\":\"Servi\u00e7os para Aluguel de Vans On Off Transportes\",\"isPartOf\":{\"@id\":\"https:\\\/\\\/onofftransportes.com.br\\\/novo\\\/#website\"},\"datePublished\":\"2023-05-17T14:24:32+00:00\",\"dateModified\":\"2023-05-19T00:05:26+00:00\",\"description\":\"Servi\u00e7os ON OFF transportes. Aluguel de vans, \u00f4nibus e micro-\u00f4nibus executivos, com motorista em S\u00e3o Paulo.\",\"breadcrumb\":{\"@id\":\"https:\\\/\\\/onofftransportes.com.br\\\/novo\\\/servicos\\\/#breadcrumb\"},\"inLanguage\":\"pt-BR\",\"potentialAction\":[{\"@type\":\"ReadAction\",\"target\":[\"https:\\\/\\\/onofftransportes.com.br\\\/novo\\\/servicos\\\/\"]}]},{\"@type\":\"BreadcrumbList\",\"@id\":\"https:\\\/\\\/onofftransportes.com.br\\\/novo\\\/servicos\\\/#breadcrumb\",\"itemListElement\":[{\"@type\":\"ListItem\",\"position\":1,\"name\":\"In\u00edcio\",\"item\":\"https:\\\/\\\/onofftransportes.com.br\\\/novo\\\/\"},{\"@type\":\"ListItem\",\"position\":2,\"name\":\"Servi\u00e7os ON OFF transportes.\"}]},{\"@type\":\"WebSite\",\"@id\":\"https:\\\/\\\/onofftransportes.com.br\\\/novo\\\/#website\",\"url\":\"https:\\\/\\\/onofftransportes.com.br\\\/novo\\\/\",\"name\":\"Aluguel de Vans On Off Transportes\",\"description\":\"A On Off Transportes Executivo \u00e9 uma empresa especializada em Aluguel de Vans, Loca\u00e7\u00e3o de Vans, Micro\u00f4nibus,\u00f4nibus e carros executivos em S\u00e3o Paulo.\",\"publisher\":{\"@id\":\"https:\\\/\\\/onofftransportes.com.br\\\/novo\\\/#organization\"},\"potentialAction\":[{\"@type\":\"SearchAction\",\"target\":{\"@type\":\"EntryPoint\",\"urlTemplate\":\"https:\\\/\\\/onofftransportes.com.br\\\/novo\\\/?s={search_term_string}\"},\"query-input\":{\"@type\":\"PropertyValueSpecification\",\"valueRequired\":true,\"valueName\":\"search_term_string\"}}],\"inLanguage\":\"pt-BR\"},{\"@type\":\"Organization\",\"@id\":\"https:\\\/\\\/onofftransportes.com.br\\\/novo\\\/#organization\",\"name\":\"Aluguel de Vans On Off Transportes\",\"url\":\"https:\\\/\\\/onofftransportes.com.br\\\/novo\\\/\",\"logo\":{\"@type\":\"ImageObject\",\"inLanguage\":\"pt-BR\",\"@id\":\"https:\\\/\\\/onofftransportes.com.br\\\/novo\\\/#\\\/schema\\\/logo\\\/image\\\/\",\"url\":\"https:\\\/\\\/onofftransportes.com.br\\\/novo\\\/wp-content\\\/uploads\\\/2023\\\/05\\\/cropped-logo-onofftransporte.png\",\"contentUrl\":\"https:\\\/\\\/onofftransportes.com.br\\\/novo\\\/wp-content\\\/uploads\\\/2023\\\/05\\\/cropped-logo-onofftransporte.png\",\"width\":303,\"height\":166,\"caption\":\"Aluguel de Vans On Off Transportes\"},\"image\":{\"@id\":\"https:\\\/\\\/onofftransportes.com.br\\\/novo\\\/#\\\/schema\\\/logo\\\/image\\\/\"}}]}<\/script>\n<!-- \/ Yoast SEO plugin. -->","yoast_head_json":{"title":"Servi\u00e7os para Aluguel de Vans On Off Transportes","description":"Servi\u00e7os ON OFF transportes. Aluguel de vans, \u00f4nibus e micro-\u00f4nibus executivos, com motorista em S\u00e3o Paulo.","robots":{"index":"index","follow":"follow","max-snippet":"max-snippet:-1","max-image-preview":"max-image-preview:large","max-video-preview":"max-video-preview:-1"},"canonical":"https:\/\/onofftransportes.com.br\/novo\/servicos\/","og_locale":"pt_BR","og_type":"article","og_title":"Servi\u00e7os para Aluguel de Vans On Off Transportes","og_description":"Servi\u00e7os ON OFF transportes. Aluguel de vans, \u00f4nibus e micro-\u00f4nibus executivos, com motorista em S\u00e3o Paulo.","og_url":"https:\/\/onofftransportes.com.br\/novo\/servicos\/","og_site_name":"Aluguel de Vans On Off Transportes","article_modified_time":"2023-05-19T00:05:26+00:00","twitter_card":"summary_large_image","twitter_misc":{"Est. tempo de leitura":"1 minuto"},"schema":{"@context":"https:\/\/schema.org","@graph":[{"@type":"WebPage","@id":"https:\/\/onofftransportes.com.br\/novo\/servicos\/","url":"https:\/\/onofftransportes.com.br\/novo\/servicos\/","name":"Servi\u00e7os para Aluguel de Vans On Off Transportes","isPartOf":{"@id":"https:\/\/onofftransportes.com.br\/novo\/#website"},"datePublished":"2023-05-17T14:24:32+00:00","dateModified":"2023-05-19T00:05:26+00:00","description":"Servi\u00e7os ON OFF transportes. Aluguel de vans, \u00f4nibus e micro-\u00f4nibus executivos, com motorista em S\u00e3o Paulo.","breadcrumb":{"@id":"https:\/\/onofftransportes.com.br\/novo\/servicos\/#breadcrumb"},"inLanguage":"pt-BR","potentialAction":[{"@type":"ReadAction","target":["https:\/\/onofftransportes.com.br\/novo\/servicos\/"]}]},{"@type":"BreadcrumbList","@id":"https:\/\/onofftransportes.com.br\/novo\/servicos\/#breadcrumb","itemListElement":[{"@type":"ListItem","position":1,"name":"In\u00edcio","item":"https:\/\/onofftransportes.com.br\/novo\/"},{"@type":"ListItem","position":2,"name":"Servi\u00e7os ON OFF transportes."}]},{"@type":"WebSite","@id":"https:\/\/onofftransportes.com.br\/novo\/#website","url":"https:\/\/onofftransportes.com.br\/novo\/","name":"Aluguel de Vans On Off Transportes","description":"A On Off Transportes Executivo \u00e9 uma empresa especializada em Aluguel de Vans, Loca\u00e7\u00e3o de Vans, Micro\u00f4nibus,\u00f4nibus e carros executivos em S\u00e3o Paulo.","publisher":{"@id":"https:\/\/onofftransportes.com.br\/novo\/#organization"},"potentialAction":[{"@type":"SearchAction","target":{"@type":"EntryPoint","urlTemplate":"https:\/\/onofftransportes.com.br\/novo\/?s={search_term_string}"},"query-input":{"@type":"PropertyValueSpecification","valueRequired":true,"valueName":"search_term_string"}}],"inLanguage":"pt-BR"},{"@type":"Organization","@id":"https:\/\/onofftransportes.com.br\/novo\/#organization","name":"Aluguel de Vans On Off Transportes","url":"https:\/\/onofftransportes.com.br\/novo\/","logo":{"@type":"ImageObject","inLanguage":"pt-BR","@id":"https:\/\/onofftransportes.com.br\/novo\/#\/schema\/logo\/image\/","url":"https:\/\/onofftransportes.com.br\/novo\/wp-content\/uploads\/2023\/05\/cropped-logo-onofftransporte.png","contentUrl":"https:\/\/onofftransportes.com.br\/novo\/wp-content\/uploads\/2023\/05\/cropped-logo-onofftransporte.png","width":303,"height":166,"caption":"Aluguel de Vans On Off Transportes"},"image":{"@id":"https:\/\/onofftransportes.com.br\/novo\/#\/schema\/logo\/image\/"}}]}},"uagb_featured_image_src":{"full":false,"thumbnail":false,"medium":false,"medium_large":false,"large":false,"1536x1536":false,"2048x2048":false},"uagb_author_info":{"display_name":"On Off Transporte","author_link":"https:\/\/onofftransportes.com.br\/novo\/blog\/author\/on-off-transporte\/"},"uagb_comment_info":0,"uagb_excerpt":"Aluguel de Van, Loca\u00e7\u00e3o de \u00d4nibus, Loca\u00e7\u00e3o de Micro-\u00f4nibus e ve\u00edculos executivos De acordo com nossa estrutura, podemos perfeitamente atender seus clientes e funcion\u00e1rios causando sempre uma boa impress\u00e3o.&nbsp;Possu\u00edmos vans altamente equipadas visando seguran\u00e7a e conforto dos passageiros, al\u00e9m do diferencial de nossa equipe de estarem sempre bem trajados, treinamento para atender clientes com necessidades&hellip;","_links":{"self":[{"href":"https:\/\/onofftransportes.com.br\/novo\/wp-json\/wp\/v2\/pages\/4886","targetHints":{"allow":["GET"]}}],"collection":[{"href":"https:\/\/onofftransportes.com.br\/novo\/wp-json\/wp\/v2\/pages"}],"about":[{"href":"https:\/\/onofftransportes.com.br\/novo\/wp-json\/wp\/v2\/types\/page"}],"author":[{"embeddable":true,"href":"https:\/\/onofftransportes.com.br\/novo\/wp-json\/wp\/v2\/users\/1"}],"replies":[{"embeddable":true,"href":"https:\/\/onofftransportes.com.br\/novo\/wp-json\/wp\/v2\/comments?post=4886"}],"version-history":[{"count":4,"href":"https:\/\/onofftransportes.com.br\/novo\/wp-json\/wp\/v2\/pages\/4886\/revisions"}],"predecessor-version":[{"id":5050,"href":"https:\/\/onofftransportes.com.br\/novo\/wp-json\/wp\/v2\/pages\/4886\/revisions\/5050"}],"wp:attachment":[{"href":"https:\/\/onofftransportes.com.br\/novo\/wp-json\/wp\/v2\/media?parent=4886"}],"curies":[{"name":"wp","href":"https:\/\/api.w.org\/{rel}","templated":true}]}}