{"id":4888,"date":"2023-05-17T11:25:49","date_gmt":"2023-05-17T14:25:49","guid":{"rendered":"https:\/\/onofftransportes.com.br\/novo\/?page_id=4888"},"modified":"2023-05-18T20:54:42","modified_gmt":"2023-05-18T23:54:42","slug":"quem-somos","status":"publish","type":"page","link":"https:\/\/onofftransportes.com.br\/novo\/quem-somos\/","title":{"rendered":"Sobre a On Off Transportes"},"content":{"rendered":"\n<div class=\"wp-block-uagb-container uagb-block-fcfe58df alignfull uagb-is-root-container\"><div class=\"uagb-container-inner-blocks-wrap\">\n<p>Aluguel de van, \u00f4nibus micro-\u00f4nibus e ve\u00edculos executivos.<\/p>\n\n\n\n<p>A On Off Transportes Executivo \u00e9 uma empresa especializada em aluguel de vans, Loca\u00e7\u00e3o de Vans, Micro\u00f4nibus, \u00f4nibus e carros executivos com motoristas em S\u00e3o Paulo. Nossa equipe de profissionais sempre est\u00e1 focada no atendimento humanizado, pois al\u00e9m de prezar pela seguran\u00e7a, rapidez e tranquilidade, sempre utilizamos da empatia para entender as necessidades de cada cliente. Nossa frota est\u00e1 na vanguarda, sempre com ve\u00edculos novos e equipados para seu maior conforto.<\/p>\n\n\n\n<p>Mantemos este padr\u00e3o para encantar nossos clientes estabelecidos e tamb\u00e9m gerar novas parcerias sem abrir m\u00e3o da qualidade.<\/p>\n<\/div><\/div>\n\n\n\n<div class=\"wp-block-uagb-container uagb-block-a9db0ab5 alignfull uagb-is-root-container\"><div class=\"uagb-container-inner-blocks-wrap\">\n<div class=\"wp-block-uagb-container uagb-block-731f5a31\">\n<div class=\"wp-block-uagb-info-box uagb-block-376aa6f9 uagb-infobox__content-wrap  uagb-infobox-icon-above-title uagb-infobox-image-valign-top\"><div class=\"uagb-ifb-content\"><div class=\"uagb-ifb-icon-wrap\"><div class=\"uagb-iconbox-icon-wrap uagb-infobox-shape-circle\"><svg xmlns=\"https:\/\/www.w3.org\/2000\/svg\" viewBox=\"0 0 640 512\"><path d=\"M334.6 217.4l-30 27.49C264 282.1 217.8 256.8 202.9 240.6C176 211.2 178.1 165.7 207.3 138.9L289.1 64H282.5C224.7 64 169.1 86.95 128.2 127.8L32 128.1c-17.6 0-32 14.39-32 31.98v159.8c0 17.59 14.4 32.04 31.1 32.04l114.3-.0604l90.5 81.82c27.5 22.37 67.75 18.11 90-9.255l18.12 15.25c15.88 12.1 39.38 10.5 52.38-5.369l31.38-38.6l5.374 4.498c13.75 11 33.88 9.002 45-4.748l9.576-11.83c11.08-13.7 8.979-33.75-4.701-44.86L334.6 217.4zM608 128.1l-96-.1257c-40.98-40.96-96.56-63.88-154.5-63.88L348.9 64c-8 0-15.62 3.197-21.62 8.568L229 162.3C228.9 162.5 228.8 162.7 228.8 162.7C212 178.5 212.4 203.3 226.6 218.7c9.625 10.5 35 21.62 56.13 2.75c0-.125 .25-.125 .375-.25l80-73.1c6.5-5.871 16.62-5.496 22.62 1s5.5 16.62-1 22.62l-26.12 23.87l145.6 118.1c12.12 9.992 19.5 23.49 22.12 37.98L608 351.7c17.6 0 32-14.38 32-31.98V160.1C640 142.4 625.7 128.1 608 128.1z\"><\/path><\/svg><\/div><\/div><div class=\"uagb-ifb-title-wrap\"><h2 class=\"uagb-ifb-title\">MISS\u00c3O<\/h2><\/div><p class=\"uagb-ifb-desc\">Nos manter como uma empresa que trabalha com transpar\u00eancia com seus clientes e colaboradores, com excel\u00eancia no atendimento, unificando a humaniza\u00e7\u00e3o e profissionalismo em nossos servi\u00e7os, sempre mantendo a \u00e9tica e respeito ao nosso maior patrim\u00f4nio, o patrim\u00f4nio humano.<\/p><\/div><\/div>\n<\/div>\n\n\n\n<div class=\"wp-block-uagb-container uagb-block-27a95dfd\">\n<div class=\"wp-block-uagb-info-box uagb-block-04eb635a uagb-infobox__content-wrap  uagb-infobox-icon-above-title uagb-infobox-image-valign-top\"><div class=\"uagb-ifb-content\"><div class=\"uagb-ifb-icon-wrap\"><div class=\"uagb-iconbox-icon-wrap uagb-infobox-shape-circle\"><svg xmlns=\"https:\/\/www.w3.org\/2000\/svg\" viewBox=\"0 0 576 512\"><path d=\"M279.6 160.4C282.4 160.1 285.2 160 288 160C341 160 384 202.1 384 256C384 309 341 352 288 352C234.1 352 192 309 192 256C192 253.2 192.1 250.4 192.4 247.6C201.7 252.1 212.5 256 224 256C259.3 256 288 227.3 288 192C288 180.5 284.1 169.7 279.6 160.4zM480.6 112.6C527.4 156 558.7 207.1 573.5 243.7C576.8 251.6 576.8 260.4 573.5 268.3C558.7 304 527.4 355.1 480.6 399.4C433.5 443.2 368.8 480 288 480C207.2 480 142.5 443.2 95.42 399.4C48.62 355.1 17.34 304 2.461 268.3C-.8205 260.4-.8205 251.6 2.461 243.7C17.34 207.1 48.62 156 95.42 112.6C142.5 68.84 207.2 32 288 32C368.8 32 433.5 68.84 480.6 112.6V112.6zM288 112C208.5 112 144 176.5 144 256C144 335.5 208.5 400 288 400C367.5 400 432 335.5 432 256C432 176.5 367.5 112 288 112z\"><\/path><\/svg><\/div><\/div><div class=\"uagb-ifb-title-wrap\"><h2 class=\"uagb-ifb-title\">VIS\u00c3O<\/h2><\/div><p class=\"uagb-ifb-desc\">Fortalecer a marca no mercado, mas mantendo o foco na expans\u00e3o, podendo assim atender cada vez mais clientes com excel\u00eancia e tornando-se refer\u00eancia como fornecedor de servi\u00e7os de transporte e loca\u00e7\u00e3o de vans e autom\u00f3veis do pa\u00eds.<\/p><\/div><\/div>\n<\/div>\n\n\n\n<div class=\"wp-block-uagb-container uagb-block-da948123\">\n<div class=\"wp-block-uagb-info-box uagb-block-857abfc6 uagb-infobox__content-wrap  uagb-infobox-icon-above-title uagb-infobox-image-valign-top\"><div class=\"uagb-ifb-content\"><div class=\"uagb-ifb-icon-wrap\"><div class=\"uagb-iconbox-icon-wrap uagb-infobox-shape-circle\"><svg xmlns=\"https:\/\/www.w3.org\/2000\/svg\" viewBox=\"0 0 512 512\"><path d=\"M27.5 162.2L9 187.1h90.5l6.9-130.7-78.9 105.8zM396.3 45.7L267.7 32l135.7 147.2-7.1-133.5zM112.2 218.3l-11.2-22H9.9L234.8 458zm2-31.2h284l-81.5-88.5L256.3 33zm297.3 9.1L277.6 458l224.8-261.7h-90.9zM415.4 69L406 56.4l.9 17.3 6.1 113.4h90.3zM113.5 93.5l-4.6 85.6L244.7 32 116.1 45.7zm287.7 102.7h-290l42.4 82.9L256.3 480l144.9-283.8z\"><\/path><\/svg><\/div><\/div><div class=\"uagb-ifb-title-wrap\"><h2 class=\"uagb-ifb-title\">VALORES<\/h2><\/div><p class=\"uagb-ifb-desc\">Nossos pilares s\u00e3o a \u00e9tica, transpar\u00eancia e honestidade, tanto com clientes como com nossos parceiros e colaboradores.<\/p><\/div><\/div>\n<\/div>\n\n\n\n<div class=\"wp-block-uagb-container uagb-block-709360b9\"><\/div>\n\n\n\n<div class=\"wp-block-uagb-container uagb-block-de282ede\">\n<div class=\"wp-block-uagb-marketing-button uagb-marketing-btn__align-center uagb-marketing-btn__align-text-center uagb-marketing-btn__icon-before uagb-block-7e601ed1 wp-block-button\"><a href=\"https:\/\/wa.me\/5511947485891\" class=\"uagb-marketing-btn__link wp-block-button__link\" target=\"_blank\" rel=\"noopener noreferrer\"><svg xmlns=\"https:\/\/www.w3.org\/2000\/svg\" viewBox=\"0 0 448 512\"><path d=\"M380.9 97.1C339 55.1 283.2 32 223.9 32c-122.4 0-222 99.6-222 222 0 39.1 10.2 77.3 29.6 111L0 480l117.7-30.9c32.4 17.7 68.9 27 106.1 27h.1c122.3 0 224.1-99.6 224.1-222 0-59.3-25.2-115-67.1-157zm-157 341.6c-33.2 0-65.7-8.9-94-25.7l-6.7-4-69.8 18.3L72 359.2l-4.4-7c-18.5-29.4-28.2-63.3-28.2-98.2 0-101.7 82.8-184.5 184.6-184.5 49.3 0 95.6 19.2 130.4 54.1 34.8 34.9 56.2 81.2 56.1 130.5 0 101.8-84.9 184.6-186.6 184.6zm101.2-138.2c-5.5-2.8-32.8-16.2-37.9-18-5.1-1.9-8.8-2.8-12.5 2.8-3.7 5.6-14.3 18-17.6 21.8-3.2 3.7-6.5 4.2-12 1.4-32.6-16.3-54-29.1-75.5-66-5.7-9.8 5.7-9.1 16.3-30.3 1.8-3.7 .9-6.9-.5-9.7-1.4-2.8-12.5-30.1-17.1-41.2-4.5-10.8-9.1-9.3-12.5-9.5-3.2-.2-6.9-.2-10.6-.2-3.7 0-9.7 1.4-14.8 6.9-5.1 5.6-19.4 19-19.4 46.3 0 27.3 19.9 53.7 22.6 57.4 2.8 3.7 39.1 59.7 94.8 83.8 35.2 15.2 49 16.5 66.6 13.9 10.7-1.6 32.8-13.4 37.4-26.4 4.6-13 4.6-24.1 3.2-26.4-1.3-2.5-5-3.9-10.5-6.6z\"><\/path><\/svg><span class=\"uagb-marketing-btn__title\">Fale com nossa equipe agora!<\/span><\/a><\/div>\n<\/div>\n\n\n\n<div class=\"wp-block-uagb-container uagb-block-c134b61e\"><\/div>\n<\/div><\/div>\n\n\n\n<div class=\"wp-block-uagb-container uagb-block-c9f7b338 alignfull uagb-is-root-container\"><div class=\"uagb-container-inner-blocks-wrap\">\n<p class=\"has-text-align-center has-large-font-size\" style=\"line-height:1.5\">Conhe\u00e7a sobre<a href=\"https:\/\/onofftransportes.com.br\/servicos\/\">\u00a0nossos <strong>servi\u00e7os de fretamento de ve\u00edculos<\/strong><\/a>.<br>E sobre nossa<a href=\"https:\/\/onofftransportes.com.br\/frota\/\">\u00a0<strong>frota para loca\u00e7\u00e3o com motoristas<\/strong><\/a>.\u00a0<\/p>\n<\/div><\/div>\n","protected":false},"excerpt":{"rendered":"<p>Aluguel de van, \u00f4nibus micro-\u00f4nibus e ve\u00edculos executivos. A On Off Transportes Executivo \u00e9 uma empresa especializada em aluguel de vans, Loca\u00e7\u00e3o de Vans, Micro\u00f4nibus, \u00f4nibus e carros executivos com motoristas em S\u00e3o Paulo. Nossa equipe de profissionais sempre est\u00e1 focada no atendimento humanizado, pois al\u00e9m de prezar pela seguran\u00e7a, rapidez e tranquilidade, sempre utilizamos [&hellip;]<\/p>\n","protected":false},"author":1,"featured_media":0,"parent":0,"menu_order":0,"comment_status":"closed","ping_status":"closed","template":"","meta":{"_uag_custom_page_level_css":"","site-sidebar-layout":"default","site-content-layout":"","ast-site-content-layout":"default","site-content-style":"default","site-sidebar-style":"default","ast-global-header-display":"","ast-banner-title-visibility":"","ast-main-header-display":"","ast-hfb-above-header-display":"","ast-hfb-below-header-display":"","ast-hfb-mobile-header-display":"","site-post-title":"","ast-breadcrumbs-content":"","ast-featured-img":"","footer-sml-layout":"","ast-disable-related-posts":"","theme-transparent-header-meta":"","adv-header-id-meta":"","stick-header-meta":"","header-above-stick-meta":"","header-main-stick-meta":"","header-below-stick-meta":"","astra-migrate-meta-layouts":"default","ast-page-background-enabled":"default","ast-page-background-meta":{"desktop":{"background-color":"","background-image":"","background-repeat":"repeat","background-position":"center center","background-size":"auto","background-attachment":"scroll","background-type":"","background-media":"","overlay-type":"","overlay-color":"","overlay-opacity":"","overlay-gradient":""},"tablet":{"background-color":"","background-image":"","background-repeat":"repeat","background-position":"center center","background-size":"auto","background-attachment":"scroll","background-type":"","background-media":"","overlay-type":"","overlay-color":"","overlay-opacity":"","overlay-gradient":""},"mobile":{"background-color":"","background-image":"","background-repeat":"repeat","background-position":"center center","background-size":"auto","background-attachment":"scroll","background-type":"","background-media":"","overlay-type":"","overlay-color":"","overlay-opacity":"","overlay-gradient":""}},"ast-content-background-meta":{"desktop":{"background-color":"var(--ast-global-color-5)","background-image":"","background-repeat":"repeat","background-position":"center center","background-size":"auto","background-attachment":"scroll","background-type":"","background-media":"","overlay-type":"","overlay-color":"","overlay-opacity":"","overlay-gradient":""},"tablet":{"background-color":"var(--ast-global-color-5)","background-image":"","background-repeat":"repeat","background-position":"center center","background-size":"auto","background-attachment":"scroll","background-type":"","background-media":"","overlay-type":"","overlay-color":"","overlay-opacity":"","overlay-gradient":""},"mobile":{"background-color":"var(--ast-global-color-5)","background-image":"","background-repeat":"repeat","background-position":"center center","background-size":"auto","background-attachment":"scroll","background-type":"","background-media":"","overlay-type":"","overlay-color":"","overlay-opacity":"","overlay-gradient":""}},"footnotes":""},"class_list":["post-4888","page","type-page","status-publish","hentry"],"yoast_head":"<!-- This site is optimized with the Yoast SEO plugin v27.5 - https:\/\/yoast.com\/product\/yoast-seo-wordpress\/ -->\n<title>Sobre a On Off Transportes - Aluguel de Vans On Off Transportes<\/title>\n<meta name=\"description\" content=\"Servi\u00e7os de aluguel de Vans , \u00d4nibus, Micro\u00f4nibus para eventos City Tour receptivos em aeroportos e muito mais.\" \/>\n<meta name=\"robots\" content=\"index, follow, max-snippet:-1, max-image-preview:large, max-video-preview:-1\" \/>\n<link rel=\"canonical\" href=\"https:\/\/onofftransportes.com.br\/novo\/quem-somos\/\" \/>\n<meta property=\"og:locale\" content=\"pt_BR\" \/>\n<meta property=\"og:type\" content=\"article\" \/>\n<meta property=\"og:title\" content=\"Sobre a On Off Transportes - Aluguel de Vans On Off Transportes\" \/>\n<meta property=\"og:description\" content=\"Servi\u00e7os de aluguel de Vans , \u00d4nibus, Micro\u00f4nibus para eventos City Tour receptivos em aeroportos e muito mais.\" \/>\n<meta property=\"og:url\" content=\"https:\/\/onofftransportes.com.br\/novo\/quem-somos\/\" \/>\n<meta property=\"og:site_name\" content=\"Aluguel de Vans On Off Transportes\" \/>\n<meta property=\"article:modified_time\" content=\"2023-05-18T23:54:42+00:00\" \/>\n<meta name=\"twitter:card\" content=\"summary_large_image\" \/>\n<meta name=\"twitter:label1\" content=\"Est. tempo de leitura\" \/>\n\t<meta name=\"twitter:data1\" content=\"2 minutos\" \/>\n<script type=\"application\/ld+json\" class=\"yoast-schema-graph\">{\"@context\":\"https:\\\/\\\/schema.org\",\"@graph\":[{\"@type\":\"WebPage\",\"@id\":\"https:\\\/\\\/onofftransportes.com.br\\\/novo\\\/quem-somos\\\/\",\"url\":\"https:\\\/\\\/onofftransportes.com.br\\\/novo\\\/quem-somos\\\/\",\"name\":\"Sobre a On Off Transportes - Aluguel de Vans On Off Transportes\",\"isPartOf\":{\"@id\":\"https:\\\/\\\/onofftransportes.com.br\\\/novo\\\/#website\"},\"datePublished\":\"2023-05-17T14:25:49+00:00\",\"dateModified\":\"2023-05-18T23:54:42+00:00\",\"description\":\"Servi\u00e7os de aluguel de Vans , \u00d4nibus, Micro\u00f4nibus para eventos City Tour receptivos em aeroportos e muito mais.\",\"breadcrumb\":{\"@id\":\"https:\\\/\\\/onofftransportes.com.br\\\/novo\\\/quem-somos\\\/#breadcrumb\"},\"inLanguage\":\"pt-BR\",\"potentialAction\":[{\"@type\":\"ReadAction\",\"target\":[\"https:\\\/\\\/onofftransportes.com.br\\\/novo\\\/quem-somos\\\/\"]}]},{\"@type\":\"BreadcrumbList\",\"@id\":\"https:\\\/\\\/onofftransportes.com.br\\\/novo\\\/quem-somos\\\/#breadcrumb\",\"itemListElement\":[{\"@type\":\"ListItem\",\"position\":1,\"name\":\"In\u00edcio\",\"item\":\"https:\\\/\\\/onofftransportes.com.br\\\/novo\\\/\"},{\"@type\":\"ListItem\",\"position\":2,\"name\":\"Sobre a On Off Transportes\"}]},{\"@type\":\"WebSite\",\"@id\":\"https:\\\/\\\/onofftransportes.com.br\\\/novo\\\/#website\",\"url\":\"https:\\\/\\\/onofftransportes.com.br\\\/novo\\\/\",\"name\":\"Aluguel de Vans On Off Transportes\",\"description\":\"A On Off Transportes Executivo \u00e9 uma empresa especializada em Aluguel de Vans, Loca\u00e7\u00e3o de Vans, Micro\u00f4nibus,\u00f4nibus e carros executivos em S\u00e3o Paulo.\",\"publisher\":{\"@id\":\"https:\\\/\\\/onofftransportes.com.br\\\/novo\\\/#organization\"},\"potentialAction\":[{\"@type\":\"SearchAction\",\"target\":{\"@type\":\"EntryPoint\",\"urlTemplate\":\"https:\\\/\\\/onofftransportes.com.br\\\/novo\\\/?s={search_term_string}\"},\"query-input\":{\"@type\":\"PropertyValueSpecification\",\"valueRequired\":true,\"valueName\":\"search_term_string\"}}],\"inLanguage\":\"pt-BR\"},{\"@type\":\"Organization\",\"@id\":\"https:\\\/\\\/onofftransportes.com.br\\\/novo\\\/#organization\",\"name\":\"Aluguel de Vans On Off Transportes\",\"url\":\"https:\\\/\\\/onofftransportes.com.br\\\/novo\\\/\",\"logo\":{\"@type\":\"ImageObject\",\"inLanguage\":\"pt-BR\",\"@id\":\"https:\\\/\\\/onofftransportes.com.br\\\/novo\\\/#\\\/schema\\\/logo\\\/image\\\/\",\"url\":\"https:\\\/\\\/onofftransportes.com.br\\\/novo\\\/wp-content\\\/uploads\\\/2023\\\/05\\\/cropped-logo-onofftransporte.png\",\"contentUrl\":\"https:\\\/\\\/onofftransportes.com.br\\\/novo\\\/wp-content\\\/uploads\\\/2023\\\/05\\\/cropped-logo-onofftransporte.png\",\"width\":303,\"height\":166,\"caption\":\"Aluguel de Vans On Off Transportes\"},\"image\":{\"@id\":\"https:\\\/\\\/onofftransportes.com.br\\\/novo\\\/#\\\/schema\\\/logo\\\/image\\\/\"}}]}<\/script>\n<!-- \/ Yoast SEO plugin. -->","yoast_head_json":{"title":"Sobre a On Off Transportes - Aluguel de Vans On Off Transportes","description":"Servi\u00e7os de aluguel de Vans , \u00d4nibus, Micro\u00f4nibus para eventos City Tour receptivos em aeroportos e muito mais.","robots":{"index":"index","follow":"follow","max-snippet":"max-snippet:-1","max-image-preview":"max-image-preview:large","max-video-preview":"max-video-preview:-1"},"canonical":"https:\/\/onofftransportes.com.br\/novo\/quem-somos\/","og_locale":"pt_BR","og_type":"article","og_title":"Sobre a On Off Transportes - Aluguel de Vans On Off Transportes","og_description":"Servi\u00e7os de aluguel de Vans , \u00d4nibus, Micro\u00f4nibus para eventos City Tour receptivos em aeroportos e muito mais.","og_url":"https:\/\/onofftransportes.com.br\/novo\/quem-somos\/","og_site_name":"Aluguel de Vans On Off Transportes","article_modified_time":"2023-05-18T23:54:42+00:00","twitter_card":"summary_large_image","twitter_misc":{"Est. tempo de leitura":"2 minutos"},"schema":{"@context":"https:\/\/schema.org","@graph":[{"@type":"WebPage","@id":"https:\/\/onofftransportes.com.br\/novo\/quem-somos\/","url":"https:\/\/onofftransportes.com.br\/novo\/quem-somos\/","name":"Sobre a On Off Transportes - Aluguel de Vans On Off Transportes","isPartOf":{"@id":"https:\/\/onofftransportes.com.br\/novo\/#website"},"datePublished":"2023-05-17T14:25:49+00:00","dateModified":"2023-05-18T23:54:42+00:00","description":"Servi\u00e7os de aluguel de Vans , \u00d4nibus, Micro\u00f4nibus para eventos City Tour receptivos em aeroportos e muito mais.","breadcrumb":{"@id":"https:\/\/onofftransportes.com.br\/novo\/quem-somos\/#breadcrumb"},"inLanguage":"pt-BR","potentialAction":[{"@type":"ReadAction","target":["https:\/\/onofftransportes.com.br\/novo\/quem-somos\/"]}]},{"@type":"BreadcrumbList","@id":"https:\/\/onofftransportes.com.br\/novo\/quem-somos\/#breadcrumb","itemListElement":[{"@type":"ListItem","position":1,"name":"In\u00edcio","item":"https:\/\/onofftransportes.com.br\/novo\/"},{"@type":"ListItem","position":2,"name":"Sobre a On Off Transportes"}]},{"@type":"WebSite","@id":"https:\/\/onofftransportes.com.br\/novo\/#website","url":"https:\/\/onofftransportes.com.br\/novo\/","name":"Aluguel de Vans On Off Transportes","description":"A On Off Transportes Executivo \u00e9 uma empresa especializada em Aluguel de Vans, Loca\u00e7\u00e3o de Vans, Micro\u00f4nibus,\u00f4nibus e carros executivos em S\u00e3o Paulo.","publisher":{"@id":"https:\/\/onofftransportes.com.br\/novo\/#organization"},"potentialAction":[{"@type":"SearchAction","target":{"@type":"EntryPoint","urlTemplate":"https:\/\/onofftransportes.com.br\/novo\/?s={search_term_string}"},"query-input":{"@type":"PropertyValueSpecification","valueRequired":true,"valueName":"search_term_string"}}],"inLanguage":"pt-BR"},{"@type":"Organization","@id":"https:\/\/onofftransportes.com.br\/novo\/#organization","name":"Aluguel de Vans On Off Transportes","url":"https:\/\/onofftransportes.com.br\/novo\/","logo":{"@type":"ImageObject","inLanguage":"pt-BR","@id":"https:\/\/onofftransportes.com.br\/novo\/#\/schema\/logo\/image\/","url":"https:\/\/onofftransportes.com.br\/novo\/wp-content\/uploads\/2023\/05\/cropped-logo-onofftransporte.png","contentUrl":"https:\/\/onofftransportes.com.br\/novo\/wp-content\/uploads\/2023\/05\/cropped-logo-onofftransporte.png","width":303,"height":166,"caption":"Aluguel de Vans On Off Transportes"},"image":{"@id":"https:\/\/onofftransportes.com.br\/novo\/#\/schema\/logo\/image\/"}}]}},"uagb_featured_image_src":{"full":false,"thumbnail":false,"medium":false,"medium_large":false,"large":false,"1536x1536":false,"2048x2048":false},"uagb_author_info":{"display_name":"On Off Transporte","author_link":"https:\/\/onofftransportes.com.br\/novo\/blog\/author\/on-off-transporte\/"},"uagb_comment_info":0,"uagb_excerpt":"Aluguel de van, \u00f4nibus micro-\u00f4nibus e ve\u00edculos executivos. A On Off Transportes Executivo \u00e9 uma empresa especializada em aluguel de vans, Loca\u00e7\u00e3o de Vans, Micro\u00f4nibus, \u00f4nibus e carros executivos com motoristas em S\u00e3o Paulo. Nossa equipe de profissionais sempre est\u00e1 focada no atendimento humanizado, pois al\u00e9m de prezar pela seguran\u00e7a, rapidez e tranquilidade, sempre utilizamos&hellip;","_links":{"self":[{"href":"https:\/\/onofftransportes.com.br\/novo\/wp-json\/wp\/v2\/pages\/4888","targetHints":{"allow":["GET"]}}],"collection":[{"href":"https:\/\/onofftransportes.com.br\/novo\/wp-json\/wp\/v2\/pages"}],"about":[{"href":"https:\/\/onofftransportes.com.br\/novo\/wp-json\/wp\/v2\/types\/page"}],"author":[{"embeddable":true,"href":"https:\/\/onofftransportes.com.br\/novo\/wp-json\/wp\/v2\/users\/1"}],"replies":[{"embeddable":true,"href":"https:\/\/onofftransportes.com.br\/novo\/wp-json\/wp\/v2\/comments?post=4888"}],"version-history":[{"count":32,"href":"https:\/\/onofftransportes.com.br\/novo\/wp-json\/wp\/v2\/pages\/4888\/revisions"}],"predecessor-version":[{"id":5044,"href":"https:\/\/onofftransportes.com.br\/novo\/wp-json\/wp\/v2\/pages\/4888\/revisions\/5044"}],"wp:attachment":[{"href":"https:\/\/onofftransportes.com.br\/novo\/wp-json\/wp\/v2\/media?parent=4888"}],"curies":[{"name":"wp","href":"https:\/\/api.w.org\/{rel}","templated":true}]}}